{"id":1969,"date":"2022-03-14T15:39:47","date_gmt":"2022-03-14T15:39:47","guid":{"rendered":"https:\/\/boric-art.com\/product\/longing\/"},"modified":"2023-06-18T10:33:25","modified_gmt":"2023-06-18T10:33:25","slug":"longing","status":"publish","type":"product","link":"https:\/\/boric-art.com\/hr\/proizvod\/longing\/","title":{"rendered":"\u017de\u0111"},"content":{"rendered":"<div>\n<p><strong><em>TRE\u0106A DIMENZIJA SLIKE<\/em><\/strong><\/p>\n<\/div>\n<div>\n<div>\n<p>&#8220;Nova Generacija ro\u0111ena u tjeskobi avangarde, razvojem izuma, tehnologija (&#8230;) pitanje je o bizarnosti novih etika&#8230; I \u0161to sad ? Priziv je prona\u0107i svoju autenti\u010dnost, ka\u017ee slika. Za ovog umjetnika ni\u0161ta nije nebitno. U slikarstvu kao i u \u017eivotu, neva\u017enost ne postoji. Slikar progovara slikama oslu\u0161kuju\u0107i vlastitu estetiku (&#8230;) a sve bez velikih gesta. Geometrijskim oblicima (&#8230;) nastaje autenti\u010dnost kroz trodimenzionalnost nestvarnog kozmosa.&#8221;<\/p>\n<\/div>\n<div style=\"padding-left: 40px; text-align: right;\"><em><strong>Romana Jagi\u0107 ( kiparica)<\/strong><\/em><\/div>\n<\/div>\n","protected":false},"excerpt":{"rendered":"<p>Godina: 2016.<br \/>\nTehnika: Vo\u0161tani gva\u0161 (platno)<br \/>\nDimenzije: 60 x 80 cm<\/p>\n","protected":false},"featured_media":1848,"template":"","meta":{"site-sidebar-layout":"default","site-content-layout":"default","ast-site-content-layout":"default","site-content-style":"default","site-sidebar-style":"default","ast-global-header-display":"","ast-banner-title-visibility":"","ast-main-header-display":"","ast-hfb-above-header-display":"","ast-hfb-below-header-display":"","ast-hfb-mobile-header-display":"","site-post-title":"","ast-breadcrumbs-content":"","ast-featured-img":"","footer-sml-layout":"","ast-disable-related-posts":"","theme-transparent-header-meta":"default","adv-header-id-meta":"","stick-header-meta":"","header-above-stick-meta":"","header-main-stick-meta":"","header-below-stick-meta":"","astra-migrate-meta-layouts":"default","ast-page-background-enabled":"default","ast-page-background-meta":{"desktop":{"background-color":"","background-image":"","background-repeat":"repeat","background-position":"center center","background-size":"auto","background-attachment":"scroll","background-type":"","background-media":"","overlay-type":"","overlay-color":"","overlay-opacity":"","overlay-gradient":""},"tablet":{"background-color":"","background-image":"","background-repeat":"repeat","background-position":"center center","background-size":"auto","background-attachment":"scroll","background-type":"","background-media":"","overlay-type":"","overlay-color":"","overlay-opacity":"","overlay-gradient":""},"mobile":{"background-color":"","background-image":"","background-repeat":"repeat","background-position":"center center","background-size":"auto","background-attachment":"scroll","background-type":"","background-media":"","overlay-type":"","overlay-color":"","overlay-opacity":"","overlay-gradient":""}},"ast-content-background-meta":{"desktop":{"background-color":"var(--ast-global-color-5)","background-image":"","background-repeat":"repeat","background-position":"center center","background-size":"auto","background-attachment":"scroll","background-type":"","background-media":"","overlay-type":"","overlay-color":"","overlay-opacity":"","overlay-gradient":""},"tablet":{"background-color":"var(--ast-global-color-5)","background-image":"","background-repeat":"repeat","background-position":"center center","background-size":"auto","background-attachment":"scroll","background-type":"","background-media":"","overlay-type":"","overlay-color":"","overlay-opacity":"","overlay-gradient":""},"mobile":{"background-color":"var(--ast-global-color-5)","background-image":"","background-repeat":"repeat","background-position":"center center","background-size":"auto","background-attachment":"scroll","background-type":"","background-media":"","overlay-type":"","overlay-color":"","overlay-opacity":"","overlay-gradient":""}}},"product_brand":[],"product_cat":[34],"product_tag":[],"class_list":{"0":"post-1969","1":"product","2":"type-product","3":"status-publish","4":"has-post-thumbnail","6":"product_cat-metafizicki-kubusi","7":"desktop-align-center","8":"tablet-align-center","9":"mobile-align-center","10":"ast-product-gallery-layout-horizontal-slider","11":"ast-product-gallery-with-no-image","12":"ast-product-tabs-layout-horizontal","14":"first","15":"instock","16":"sold-individually","17":"shipping-taxable","18":"purchasable","19":"product-type-simple"},"_links":{"self":[{"href":"https:\/\/boric-art.com\/hr\/wp-json\/wp\/v2\/product\/1969","targetHints":{"allow":["GET"]}}],"collection":[{"href":"https:\/\/boric-art.com\/hr\/wp-json\/wp\/v2\/product"}],"about":[{"href":"https:\/\/boric-art.com\/hr\/wp-json\/wp\/v2\/types\/product"}],"wp:featuredmedia":[{"embeddable":true,"href":"https:\/\/boric-art.com\/hr\/wp-json\/wp\/v2\/media\/1848"}],"wp:attachment":[{"href":"https:\/\/boric-art.com\/hr\/wp-json\/wp\/v2\/media?parent=1969"}],"wp:term":[{"taxonomy":"product_brand","embeddable":true,"href":"https:\/\/boric-art.com\/hr\/wp-json\/wp\/v2\/product_brand?post=1969"},{"taxonomy":"product_cat","embeddable":true,"href":"https:\/\/boric-art.com\/hr\/wp-json\/wp\/v2\/product_cat?post=1969"},{"taxonomy":"product_tag","embeddable":true,"href":"https:\/\/boric-art.com\/hr\/wp-json\/wp\/v2\/product_tag?post=1969"}],"curies":[{"name":"wp","href":"https:\/\/api.w.org\/{rel}","templated":true}]}}