{"id":1971,"date":"2022-03-14T14:54:27","date_gmt":"2022-03-14T14:54:27","guid":{"rendered":"https:\/\/boric-art.com\/product\/time\/"},"modified":"2023-06-18T10:28:26","modified_gmt":"2023-06-18T10:28:26","slug":"time","status":"publish","type":"product","link":"https:\/\/boric-art.com\/hr\/proizvod\/time\/","title":{"rendered":"Vrijeme"},"content":{"rendered":"<div><strong style=\"font-size: 16px;\">USHOD SJENE<\/strong><\/div>\n<div>\n<div>\n<p><strong><em>&#8221; <\/em><\/strong>Slikarstvo je dom svjetla i sjene. Izme\u0111u Corota i Cezannea, pokraj Morandija, ispred nestvarnih kubusa, razigrane geometrije(&#8230;) iz\u00a0 Sna u Zbilju.<br \/>\nIz Uma u Djelo. Slika ne mo\u017ee zamijeniti zbiljnost svijeta. Ona nju mo\u017ee nadma\u0161iti.&#8221;<\/p>\n<\/div>\n<div><\/div>\n<div style=\"padding-left: 40px; text-align: right;\"><em>Darko \u00a0Schneider<\/em><\/div>\n<\/div>\n","protected":false},"excerpt":{"rendered":"<div>\n<p>Godina: 2016.<br \/>\nTehnika: Gva\u0161 (platno)<br \/>\nDimenzije: 60 x 80 cm<\/p>\n<\/div>\n<div>\n<p><strong>Napomena<\/strong>: <em>Ulje na platnu, verzija umjetni\u010dkog djela dostupna na <a href=\"https:\/\/boric-art.com\/hr\/kontakt\/\">upit<\/a>.<br \/>\n<\/em><em>Godina: 1991.<br \/>\n<\/em><em>Dimenzije: 33 x 41 cm<\/em><\/p>\n<\/div>\n","protected":false},"featured_media":1844,"template":"","meta":{"site-sidebar-layout":"default","site-content-layout":"default","ast-site-content-layout":"default","site-content-style":"default","site-sidebar-style":"default","ast-global-header-display":"","ast-banner-title-visibility":"","ast-main-header-display":"","ast-hfb-above-header-display":"","ast-hfb-below-header-display":"","ast-hfb-mobile-header-display":"","site-post-title":"","ast-breadcrumbs-content":"","ast-featured-img":"","footer-sml-layout":"","ast-disable-related-posts":"","theme-transparent-header-meta":"default","adv-header-id-meta":"","stick-header-meta":"","header-above-stick-meta":"","header-main-stick-meta":"","header-below-stick-meta":"","astra-migrate-meta-layouts":"default","ast-page-background-enabled":"default","ast-page-background-meta":{"desktop":{"background-color":"","background-image":"","background-repeat":"repeat","background-position":"center center","background-size":"auto","background-attachment":"scroll","background-type":"","background-media":"","overlay-type":"","overlay-color":"","overlay-opacity":"","overlay-gradient":""},"tablet":{"background-color":"","background-image":"","background-repeat":"repeat","background-position":"center center","background-size":"auto","background-attachment":"scroll","background-type":"","background-media":"","overlay-type":"","overlay-color":"","overlay-opacity":"","overlay-gradient":""},"mobile":{"background-color":"","background-image":"","background-repeat":"repeat","background-position":"center center","background-size":"auto","background-attachment":"scroll","background-type":"","background-media":"","overlay-type":"","overlay-color":"","overlay-opacity":"","overlay-gradient":""}},"ast-content-background-meta":{"desktop":{"background-color":"var(--ast-global-color-5)","background-image":"","background-repeat":"repeat","background-position":"center center","background-size":"auto","background-attachment":"scroll","background-type":"","background-media":"","overlay-type":"","overlay-color":"","overlay-opacity":"","overlay-gradient":""},"tablet":{"background-color":"var(--ast-global-color-5)","background-image":"","background-repeat":"repeat","background-position":"center center","background-size":"auto","background-attachment":"scroll","background-type":"","background-media":"","overlay-type":"","overlay-color":"","overlay-opacity":"","overlay-gradient":""},"mobile":{"background-color":"var(--ast-global-color-5)","background-image":"","background-repeat":"repeat","background-position":"center center","background-size":"auto","background-attachment":"scroll","background-type":"","background-media":"","overlay-type":"","overlay-color":"","overlay-opacity":"","overlay-gradient":""}}},"product_brand":[],"product_cat":[34],"product_tag":[],"class_list":{"0":"post-1971","1":"product","2":"type-product","3":"status-publish","4":"has-post-thumbnail","6":"product_cat-metafizicki-kubusi","7":"desktop-align-center","8":"tablet-align-center","9":"mobile-align-center","10":"ast-product-gallery-layout-horizontal-slider","11":"ast-product-gallery-with-no-image","12":"ast-product-tabs-layout-horizontal","14":"first","15":"instock","16":"sold-individually","17":"shipping-taxable","18":"purchasable","19":"product-type-simple"},"_links":{"self":[{"href":"https:\/\/boric-art.com\/hr\/wp-json\/wp\/v2\/product\/1971","targetHints":{"allow":["GET"]}}],"collection":[{"href":"https:\/\/boric-art.com\/hr\/wp-json\/wp\/v2\/product"}],"about":[{"href":"https:\/\/boric-art.com\/hr\/wp-json\/wp\/v2\/types\/product"}],"wp:featuredmedia":[{"embeddable":true,"href":"https:\/\/boric-art.com\/hr\/wp-json\/wp\/v2\/media\/1844"}],"wp:attachment":[{"href":"https:\/\/boric-art.com\/hr\/wp-json\/wp\/v2\/media?parent=1971"}],"wp:term":[{"taxonomy":"product_brand","embeddable":true,"href":"https:\/\/boric-art.com\/hr\/wp-json\/wp\/v2\/product_brand?post=1971"},{"taxonomy":"product_cat","embeddable":true,"href":"https:\/\/boric-art.com\/hr\/wp-json\/wp\/v2\/product_cat?post=1971"},{"taxonomy":"product_tag","embeddable":true,"href":"https:\/\/boric-art.com\/hr\/wp-json\/wp\/v2\/product_tag?post=1971"}],"curies":[{"name":"wp","href":"https:\/\/api.w.org\/{rel}","templated":true}]}}