{"id":1978,"date":"2022-03-14T14:36:33","date_gmt":"2022-03-14T14:36:33","guid":{"rendered":"https:\/\/boric-art.com\/product\/motovun\/"},"modified":"2023-06-18T18:42:38","modified_gmt":"2023-06-18T18:42:38","slug":"motovun","status":"publish","type":"product","link":"https:\/\/boric-art.com\/hr\/proizvod\/motovun\/","title":{"rendered":"Motovun (Istra)"},"content":{"rendered":"<div>\n<p><strong>POETI\u010cNOST\u00a0IMAGINIRANJA\u00a0ARHITEKTURE<\/strong><\/p>\n<\/div>\n<div>\n<div>\n<p>&#8221; Slikar nikada nije te\u017eio velikim motivskim rasponima, ve\u0107 u svom slikarskom svijetu, u odabranoj ikonografiji doga\u0111aju se manja i ve\u0107a likovna\u00a0iznena\u0111enja. Bori\u0107 se nenametljivo pribli\u017euje skulpturalnoj ritmizaciji. U slijedu slika okvirno identi\u010dnog scenarija uvijek privla\u010di istinskom inventivno\u0161\u0107u, stvaraju\u0107i stupnjevanje ideje sklada i smiraja. Umjetnik kreativnom ma\u0161tovito\u0161\u0107u nalazi koridore ljepote. Te\u017ei povezivanju gledanja i vi\u0111enja (&#8230;) usprkos neke &#8221; matemati\u010dnosti &#8221; slike&#8230; Kontinuitet likovne dramaturgije, kako u na\u010dinu tako i vrsno\u0107i.&#8221;<\/p>\n<\/div>\n<div style=\"padding-left: 40px; text-align: right;\">Stanko \u0160poljari\u0107<\/div>\n<\/div>\n","protected":false},"excerpt":{"rendered":"<p>Godina: 2003.<br \/>\nTehnika: Vo\u0161tani gva\u0161 (platno)<br \/>\nDimenzije: 30 x 40 cm<\/p>\n","protected":false},"featured_media":1838,"template":"","meta":{"site-sidebar-layout":"default","site-content-layout":"default","ast-site-content-layout":"default","site-content-style":"default","site-sidebar-style":"default","ast-global-header-display":"","ast-banner-title-visibility":"","ast-main-header-display":"","ast-hfb-above-header-display":"","ast-hfb-below-header-display":"","ast-hfb-mobile-header-display":"","site-post-title":"","ast-breadcrumbs-content":"","ast-featured-img":"","footer-sml-layout":"","ast-disable-related-posts":"","theme-transparent-header-meta":"default","adv-header-id-meta":"","stick-header-meta":"","header-above-stick-meta":"","header-main-stick-meta":"","header-below-stick-meta":"","astra-migrate-meta-layouts":"default","ast-page-background-enabled":"default","ast-page-background-meta":{"desktop":{"background-color":"","background-image":"","background-repeat":"repeat","background-position":"center center","background-size":"auto","background-attachment":"scroll","background-type":"","background-media":"","overlay-type":"","overlay-color":"","overlay-opacity":"","overlay-gradient":""},"tablet":{"background-color":"","background-image":"","background-repeat":"repeat","background-position":"center center","background-size":"auto","background-attachment":"scroll","background-type":"","background-media":"","overlay-type":"","overlay-color":"","overlay-opacity":"","overlay-gradient":""},"mobile":{"background-color":"","background-image":"","background-repeat":"repeat","background-position":"center center","background-size":"auto","background-attachment":"scroll","background-type":"","background-media":"","overlay-type":"","overlay-color":"","overlay-opacity":"","overlay-gradient":""}},"ast-content-background-meta":{"desktop":{"background-color":"var(--ast-global-color-5)","background-image":"","background-repeat":"repeat","background-position":"center center","background-size":"auto","background-attachment":"scroll","background-type":"","background-media":"","overlay-type":"","overlay-color":"","overlay-opacity":"","overlay-gradient":""},"tablet":{"background-color":"var(--ast-global-color-5)","background-image":"","background-repeat":"repeat","background-position":"center center","background-size":"auto","background-attachment":"scroll","background-type":"","background-media":"","overlay-type":"","overlay-color":"","overlay-opacity":"","overlay-gradient":""},"mobile":{"background-color":"var(--ast-global-color-5)","background-image":"","background-repeat":"repeat","background-position":"center center","background-size":"auto","background-attachment":"scroll","background-type":"","background-media":"","overlay-type":"","overlay-color":"","overlay-opacity":"","overlay-gradient":""}}},"product_brand":[],"product_cat":[35],"product_tag":[],"class_list":{"0":"post-1978","1":"product","2":"type-product","3":"status-publish","4":"has-post-thumbnail","6":"product_cat-krovovi","7":"desktop-align-center","8":"tablet-align-center","9":"mobile-align-center","10":"ast-product-gallery-layout-horizontal-slider","11":"ast-product-gallery-with-no-image","12":"ast-product-tabs-layout-horizontal","14":"first","15":"instock","16":"sold-individually","17":"shipping-taxable","18":"purchasable","19":"product-type-simple"},"_links":{"self":[{"href":"https:\/\/boric-art.com\/hr\/wp-json\/wp\/v2\/product\/1978","targetHints":{"allow":["GET"]}}],"collection":[{"href":"https:\/\/boric-art.com\/hr\/wp-json\/wp\/v2\/product"}],"about":[{"href":"https:\/\/boric-art.com\/hr\/wp-json\/wp\/v2\/types\/product"}],"wp:featuredmedia":[{"embeddable":true,"href":"https:\/\/boric-art.com\/hr\/wp-json\/wp\/v2\/media\/1838"}],"wp:attachment":[{"href":"https:\/\/boric-art.com\/hr\/wp-json\/wp\/v2\/media?parent=1978"}],"wp:term":[{"taxonomy":"product_brand","embeddable":true,"href":"https:\/\/boric-art.com\/hr\/wp-json\/wp\/v2\/product_brand?post=1978"},{"taxonomy":"product_cat","embeddable":true,"href":"https:\/\/boric-art.com\/hr\/wp-json\/wp\/v2\/product_cat?post=1978"},{"taxonomy":"product_tag","embeddable":true,"href":"https:\/\/boric-art.com\/hr\/wp-json\/wp\/v2\/product_tag?post=1978"}],"curies":[{"name":"wp","href":"https:\/\/api.w.org\/{rel}","templated":true}]}}