{"id":1979,"date":"2022-03-14T14:33:48","date_gmt":"2022-03-14T14:33:48","guid":{"rendered":"https:\/\/boric-art.com\/product\/symbol\/"},"modified":"2023-06-18T10:31:58","modified_gmt":"2023-06-18T10:31:58","slug":"symbol","status":"publish","type":"product","link":"https:\/\/boric-art.com\/hr\/proizvod\/symbol\/","title":{"rendered":"Znamen"},"content":{"rendered":"<p><strong><em>OBRISI I SVJETLO<\/em><\/strong><\/p>\n<div>\n<div>\n<p>&#8221; Slikarstvo \u017delimira Bori\u0107a duboko je uronjeno u istan\u010dani minimalizam, prepoznaju se neo\u010dekivani koloristi\u010dki zanosi&#8230; Forma besprijekorno disciplinirana, odbacuje fizi\u010dku doslovnost. Naprotiv, tra\u017ei duhovnost, ali ne u glasno\u0107i, ve\u0107 u ti\u0161ini. Umjetnost njegova ostaje nekako nedovr\u0161ena, ako se ne uklju\u010di pjesni\u010dka i misaona strana. Njegove slike su pjesme, jednostavne i o\u0161tre.&#8221;<\/p>\n<\/div>\n<div style=\"padding-left: 40px;\">\n<p style=\"text-align: right;\"><em>Branka \u00a0Hlevnjak<\/em><\/p>\n<p>&nbsp;<\/p>\n<\/div>\n<\/div>\n","protected":false},"excerpt":{"rendered":"<p>Godina: 2005.<br \/>\nTehnika: Vo\u0161tani gva\u0161 (platno)<br \/>\nDimenzije: 26 x 33 cm<\/p>\n","protected":false},"featured_media":1837,"template":"","meta":{"site-sidebar-layout":"default","site-content-layout":"default","ast-site-content-layout":"default","site-content-style":"default","site-sidebar-style":"default","ast-global-header-display":"","ast-banner-title-visibility":"","ast-main-header-display":"","ast-hfb-above-header-display":"","ast-hfb-below-header-display":"","ast-hfb-mobile-header-display":"","site-post-title":"","ast-breadcrumbs-content":"","ast-featured-img":"","footer-sml-layout":"","ast-disable-related-posts":"","theme-transparent-header-meta":"default","adv-header-id-meta":"","stick-header-meta":"","header-above-stick-meta":"","header-main-stick-meta":"","header-below-stick-meta":"","astra-migrate-meta-layouts":"default","ast-page-background-enabled":"default","ast-page-background-meta":{"desktop":{"background-color":"","background-image":"","background-repeat":"repeat","background-position":"center center","background-size":"auto","background-attachment":"scroll","background-type":"","background-media":"","overlay-type":"","overlay-color":"","overlay-opacity":"","overlay-gradient":""},"tablet":{"background-color":"","background-image":"","background-repeat":"repeat","background-position":"center center","background-size":"auto","background-attachment":"scroll","background-type":"","background-media":"","overlay-type":"","overlay-color":"","overlay-opacity":"","overlay-gradient":""},"mobile":{"background-color":"","background-image":"","background-repeat":"repeat","background-position":"center center","background-size":"auto","background-attachment":"scroll","background-type":"","background-media":"","overlay-type":"","overlay-color":"","overlay-opacity":"","overlay-gradient":""}},"ast-content-background-meta":{"desktop":{"background-color":"var(--ast-global-color-5)","background-image":"","background-repeat":"repeat","background-position":"center center","background-size":"auto","background-attachment":"scroll","background-type":"","background-media":"","overlay-type":"","overlay-color":"","overlay-opacity":"","overlay-gradient":""},"tablet":{"background-color":"var(--ast-global-color-5)","background-image":"","background-repeat":"repeat","background-position":"center center","background-size":"auto","background-attachment":"scroll","background-type":"","background-media":"","overlay-type":"","overlay-color":"","overlay-opacity":"","overlay-gradient":""},"mobile":{"background-color":"var(--ast-global-color-5)","background-image":"","background-repeat":"repeat","background-position":"center center","background-size":"auto","background-attachment":"scroll","background-type":"","background-media":"","overlay-type":"","overlay-color":"","overlay-opacity":"","overlay-gradient":""}}},"product_brand":[],"product_cat":[34],"product_tag":[],"class_list":{"0":"post-1979","1":"product","2":"type-product","3":"status-publish","4":"has-post-thumbnail","6":"product_cat-metafizicki-kubusi","7":"desktop-align-center","8":"tablet-align-center","9":"mobile-align-center","10":"ast-product-gallery-layout-horizontal-slider","11":"ast-product-gallery-with-no-image","12":"ast-product-tabs-layout-horizontal","14":"first","15":"instock","16":"sold-individually","17":"shipping-taxable","18":"purchasable","19":"product-type-simple"},"_links":{"self":[{"href":"https:\/\/boric-art.com\/hr\/wp-json\/wp\/v2\/product\/1979","targetHints":{"allow":["GET"]}}],"collection":[{"href":"https:\/\/boric-art.com\/hr\/wp-json\/wp\/v2\/product"}],"about":[{"href":"https:\/\/boric-art.com\/hr\/wp-json\/wp\/v2\/types\/product"}],"wp:featuredmedia":[{"embeddable":true,"href":"https:\/\/boric-art.com\/hr\/wp-json\/wp\/v2\/media\/1837"}],"wp:attachment":[{"href":"https:\/\/boric-art.com\/hr\/wp-json\/wp\/v2\/media?parent=1979"}],"wp:term":[{"taxonomy":"product_brand","embeddable":true,"href":"https:\/\/boric-art.com\/hr\/wp-json\/wp\/v2\/product_brand?post=1979"},{"taxonomy":"product_cat","embeddable":true,"href":"https:\/\/boric-art.com\/hr\/wp-json\/wp\/v2\/product_cat?post=1979"},{"taxonomy":"product_tag","embeddable":true,"href":"https:\/\/boric-art.com\/hr\/wp-json\/wp\/v2\/product_tag?post=1979"}],"curies":[{"name":"wp","href":"https:\/\/api.w.org\/{rel}","templated":true}]}}