{"id":1982,"date":"2022-03-14T13:59:29","date_gmt":"2022-03-14T13:59:29","guid":{"rendered":"https:\/\/boric-art.com\/product\/cradle\/"},"modified":"2023-06-18T10:36:27","modified_gmt":"2023-06-18T10:36:27","slug":"cradle","status":"publish","type":"product","link":"https:\/\/boric-art.com\/hr\/proizvod\/cradle\/","title":{"rendered":"Kolijevka"},"content":{"rendered":"<div>\n<p><strong>OTISCI SVJETLA<\/strong><\/p>\n<\/div>\n<div>\n<p>&#8220;S finskih mansardi umjetnik je spustio pogled u pti\u010djoj perspektivi na otok (&#8230;) koji postaje dramaturgija atmosfere\u00a0 kontrasta primarnih likovnih elemenata prizora- zajedni\u0161tvo stijena i voda, kamena, vinograda, maslina&#8230;Slikareve teme su intimni do\u017eivljaji osobnosti, duhovne apstrakcije prema realnoj materijalnoj stvarnosti. On pronalazi\u00a0 detalj u ambijentu, me\u0111utim taj detalj\u00a0 i njegova struktura odre\u0111uju cjelinu. Trojstvo motiva, tema i kolorita \u010dine stvarala\u010dku provokaciju.&#8221;<\/p>\n<\/div>\n<div>\n<p style=\"text-align: right;\">\u0110uro Van\u0111ura<\/p>\n<\/div>\n","protected":false},"excerpt":{"rendered":"<p>Godina: 1999.<br \/>\nTehnika: Svilotisak (&#8221; Fabriano 5 &#8221; 350 gr)<br \/>\nDimenzije: 13,5 x 21 cm<br \/>\nNumeracija: 2\/130<\/p>\n","protected":false},"featured_media":1834,"template":"","meta":{"site-sidebar-layout":"default","site-content-layout":"default","ast-site-content-layout":"default","site-content-style":"default","site-sidebar-style":"default","ast-global-header-display":"","ast-banner-title-visibility":"","ast-main-header-display":"","ast-hfb-above-header-display":"","ast-hfb-below-header-display":"","ast-hfb-mobile-header-display":"","site-post-title":"","ast-breadcrumbs-content":"","ast-featured-img":"","footer-sml-layout":"","ast-disable-related-posts":"","theme-transparent-header-meta":"default","adv-header-id-meta":"","stick-header-meta":"","header-above-stick-meta":"","header-main-stick-meta":"","header-below-stick-meta":"","astra-migrate-meta-layouts":"default","ast-page-background-enabled":"default","ast-page-background-meta":{"desktop":{"background-color":"","background-image":"","background-repeat":"repeat","background-position":"center center","background-size":"auto","background-attachment":"scroll","background-type":"","background-media":"","overlay-type":"","overlay-color":"","overlay-opacity":"","overlay-gradient":""},"tablet":{"background-color":"","background-image":"","background-repeat":"repeat","background-position":"center center","background-size":"auto","background-attachment":"scroll","background-type":"","background-media":"","overlay-type":"","overlay-color":"","overlay-opacity":"","overlay-gradient":""},"mobile":{"background-color":"","background-image":"","background-repeat":"repeat","background-position":"center center","background-size":"auto","background-attachment":"scroll","background-type":"","background-media":"","overlay-type":"","overlay-color":"","overlay-opacity":"","overlay-gradient":""}},"ast-content-background-meta":{"desktop":{"background-color":"var(--ast-global-color-5)","background-image":"","background-repeat":"repeat","background-position":"center center","background-size":"auto","background-attachment":"scroll","background-type":"","background-media":"","overlay-type":"","overlay-color":"","overlay-opacity":"","overlay-gradient":""},"tablet":{"background-color":"var(--ast-global-color-5)","background-image":"","background-repeat":"repeat","background-position":"center center","background-size":"auto","background-attachment":"scroll","background-type":"","background-media":"","overlay-type":"","overlay-color":"","overlay-opacity":"","overlay-gradient":""},"mobile":{"background-color":"var(--ast-global-color-5)","background-image":"","background-repeat":"repeat","background-position":"center center","background-size":"auto","background-attachment":"scroll","background-type":"","background-media":"","overlay-type":"","overlay-color":"","overlay-opacity":"","overlay-gradient":""}}},"product_brand":[],"product_cat":[33],"product_tag":[],"class_list":{"0":"post-1982","1":"product","2":"type-product","3":"status-publish","4":"has-post-thumbnail","6":"product_cat-grafike","7":"desktop-align-center","8":"tablet-align-center","9":"mobile-align-center","10":"ast-product-gallery-layout-horizontal-slider","11":"ast-product-gallery-with-no-image","12":"ast-product-tabs-layout-horizontal","14":"first","15":"instock","16":"sold-individually","17":"shipping-taxable","18":"purchasable","19":"product-type-simple"},"_links":{"self":[{"href":"https:\/\/boric-art.com\/hr\/wp-json\/wp\/v2\/product\/1982","targetHints":{"allow":["GET"]}}],"collection":[{"href":"https:\/\/boric-art.com\/hr\/wp-json\/wp\/v2\/product"}],"about":[{"href":"https:\/\/boric-art.com\/hr\/wp-json\/wp\/v2\/types\/product"}],"wp:featuredmedia":[{"embeddable":true,"href":"https:\/\/boric-art.com\/hr\/wp-json\/wp\/v2\/media\/1834"}],"wp:attachment":[{"href":"https:\/\/boric-art.com\/hr\/wp-json\/wp\/v2\/media?parent=1982"}],"wp:term":[{"taxonomy":"product_brand","embeddable":true,"href":"https:\/\/boric-art.com\/hr\/wp-json\/wp\/v2\/product_brand?post=1982"},{"taxonomy":"product_cat","embeddable":true,"href":"https:\/\/boric-art.com\/hr\/wp-json\/wp\/v2\/product_cat?post=1982"},{"taxonomy":"product_tag","embeddable":true,"href":"https:\/\/boric-art.com\/hr\/wp-json\/wp\/v2\/product_tag?post=1982"}],"curies":[{"name":"wp","href":"https:\/\/api.w.org\/{rel}","templated":true}]}}